{"id":840,"date":"2017-01-02T17:48:36","date_gmt":"2017-01-02T16:48:36","guid":{"rendered":"http:\/\/antramarmi.com\/?page_id=840\/"},"modified":"2024-04-23T09:37:22","modified_gmt":"2024-04-23T07:37:22","slug":"accueil","status":"publish","type":"page","link":"https:\/\/antramarmi.com\/fr\/","title":{"rendered":"Accueil"},"content":{"rendered":"<div id='fullscreen_slider_1'  class='avia-fullscreen-slider main_color   avia-builder-el-0  el_before_av_textblock  avia-builder-el-first   container_wrap fullsize'  ><div   data-size='extra_large'  data-lightbox_size='large'  data-animation='fade'  data-conditional_play=''  data-ids='1111,459,631,461,463,623'  data-video_counter='0'  data-autoplay='true'  data-bg_slider='true'  data-slide_height='100'  data-handle='av_fullscreen'  data-interval='3'  data-class=' '  data-el_id=''  data-css_id='fullscreen_slider_1'  data-scroll_down=''  data-control_layout='av-control-hidden'  data-custom_markup=''  data-perma_caption='aviaTBperma_caption'  data-autoplay_stopper=''  data-image_attachment=''  data-min_height='0px'  data-lazy_loading='disabled'  data-stretch=''  data-img_scrset=''  data-default-height='100'  class='avia-slideshow avia-slideshow-1  av-control-hidden av-default-height-applied avia-slideshow-extra_large av_fullscreen   avia-fade-slider '  itemprop=\"image\" itemscope=\"itemscope\" itemtype=\"https:\/\/schema.org\/ImageObject\" ><ul class='avia-slideshow-inner ' style='padding-bottom: 75%;' ><li style='background-position:center center;' data-img-url='https:\/\/antramarmi.com\/wp-content\/uploads\/2024\/04\/cava-home.jpg' class=' slide-1 ' ><div data-rel='slideshow-1' class='avia-slide-wrap '   ><\/div><\/li><li style='background-position:center center;' data-img-url='https:\/\/antramarmi.com\/wp-content\/uploads\/2014\/08\/marmo-blocco.jpg' class=' slide-2 ' ><div data-rel='slideshow-1' class='avia-slide-wrap '   ><\/div><\/li><li style='background-position:top left;' data-img-url='https:\/\/antramarmi.com\/wp-content\/uploads\/2014\/08\/PANORAMICA-1-1500x1125.jpg' class=' slide-3 ' ><div data-rel='slideshow-1' class='avia-slide-wrap '   ><\/div><\/li><li style='background-position:bottom center;' data-img-url='https:\/\/antramarmi.com\/wp-content\/uploads\/2014\/08\/marmo-blocco1.jpg' class=' slide-4 ' ><div data-rel='slideshow-1' class='avia-slide-wrap '   ><\/div><\/li><li style='background-position:bottom center;' data-img-url='https:\/\/antramarmi.com\/wp-content\/uploads\/2014\/08\/marmo-blocco2.jpg' class=' slide-5 ' ><div data-rel='slideshow-1' class='avia-slide-wrap '   ><\/div><\/li><li style='background-position:top left;' data-img-url='https:\/\/antramarmi.com\/wp-content\/uploads\/2016\/11\/IMG_7681.jpg' class=' slide-6 ' ><div data-rel='slideshow-1' class='avia-slide-wrap '   ><\/div><\/li><\/ul><div class='avia-slideshow-arrows avia-slideshow-controls' ><a href='#prev' class='prev-slide ' aria-hidden='true' data-av_icon='\ue87c' data-av_iconfont='entypo-fontello'  tabindex='-1'>Pr\u00e9c\u00e9dent<\/a><a href='#next' class='next-slide ' aria-hidden='true' data-av_icon='\ue87d' data-av_iconfont='entypo-fontello'  tabindex='-1'>Suivant<\/a><\/div><div class='avia-slideshow-dots avia-slideshow-controls'><a href='#1' class='goto-slide active' >1<\/a><a href='#2' class='goto-slide ' >2<\/a><a href='#3' class='goto-slide ' >3<\/a><a href='#4' class='goto-slide ' >4<\/a><a href='#5' class='goto-slide ' >5<\/a><a href='#6' class='goto-slide ' >6<\/a><\/div><div class = \"caption_fullwidth av-slideshow-caption caption_center caption_center_framed caption_framed\"><div class = \"container caption_container\"><div class = \"slideshow_caption\"><div class = \"slideshow_inner_caption\"><div class = \"slideshow_align_caption\"><h2  style='font-size:70px; color:#ffffff; ' class='avia-caption-title  '  itemprop=\"name\" >ANTRA MARMI<\/h2><div class='avia-caption-content  av_inherit_color'  itemprop=\"description\"   style='font-size:22px; color:#ffffff; '><h2 style=\"color: #fff;\">COMMERCIALISATION DE MARBRES THALA BEIGE\/GRIS, FOUSSANA, NOIR DOR\u00c9<\/h2>\n<\/div><a href='https:\/\/antramarmi.com\/en\/products\/'  class='avia-slideshow-button avia-button avia-color-theme-color avia-multi-slideshow-button' data-duration='800' data-easing='easeInOutQuad'>LES PRODUITS<\/a><a href='https:\/\/antramarmi.com\/en\/contact\/'  class='avia-slideshow-button avia-button avia-color-light avia-multi-slideshow-button avia-slideshow-button-2' data-duration='800' data-easing='easeInOutQuad'>CONTACT<\/a><\/div><\/div><\/div><\/div><\/div><\/div><\/div><div id='after_full_slider_1'  class='main_color av_default_container_wrap container_wrap fullsize'  ><div class='container av-section-cont-open' ><div class='template-page content  av-content-full alpha units'><div class='post-entry post-entry-type-page post-entry-840'><div class='entry-content-wrapper clearfix'>\n<section  class='av_textblock_section av-kysmoo4i-53377d01016e4838daed8a1cf6c3562d'  itemscope=\"itemscope\" itemtype=\"https:\/\/schema.org\/CreativeWork\" ><div class='avia_textblock'  itemprop=\"text\" ><h2 style=\"text-align: center;\">Commercialisation de Marbres Thala Beige\/Gris, Foussana, Noir Dor\u00e9<\/h2>\n<p style=\"text-align: center;\">Antra Marmi est une r\u00e9alit\u00e9 ancr\u00e9e depuis de nombreuses ann\u00e9es sur le territoire du gisement de Massa-Carrara, o\u00f9, sur une superficie d&rsquo;environ 8 000 m\u00e8tres carr\u00e9s, surgit l&rsquo;aire de stockage et pr\u00e9-traitement des blocs.<\/p>\n<\/div><\/section>\n<div  class='avia-builder-widget-area clearfix  avia-builder-el-2  el_after_av_textblock  el_before_av_portfolio  avia-builder-el-last '><div id=\"tag_cloud-2\" class=\"widget clearfix widget_tag_cloud\"><h3 class=\"widgettitle\">MARBRES RECHERCHE PAR NOM<\/h3><div class=\"tagcloud\"><a href=\"https:\/\/antramarmi.com\/fr\/tag\/gris-foussana\/\" class=\"tag-cloud-link tag-link-91 tag-link-position-1\" style=\"font-size: 8pt;\" aria-label=\"gris foussana (1 \u00e9l\u00e9ment)\">gris foussana<\/a>\n<a href=\"https:\/\/antramarmi.com\/fr\/tag\/gris-oriente\/\" class=\"tag-cloud-link tag-link-94 tag-link-position-2\" style=\"font-size: 8pt;\" aria-label=\"gris oriente (1 \u00e9l\u00e9ment)\">gris oriente<\/a>\n<a href=\"https:\/\/antramarmi.com\/fr\/tag\/gris-tao\/\" class=\"tag-cloud-link tag-link-95 tag-link-position-3\" style=\"font-size: 8pt;\" aria-label=\"gris tao (1 \u00e9l\u00e9ment)\">gris tao<\/a>\n<a href=\"https:\/\/antramarmi.com\/fr\/tag\/marble-tala-gris\/\" class=\"tag-cloud-link tag-link-112 tag-link-position-4\" style=\"font-size: 8pt;\" aria-label=\"Marble Tala Gris (1 \u00e9l\u00e9ment)\">Marble Tala Gris<\/a>\n<a href=\"https:\/\/antramarmi.com\/fr\/tag\/marble-thala\/\" class=\"tag-cloud-link tag-link-86 tag-link-position-5\" style=\"font-size: 8pt;\" aria-label=\"marble thala (1 \u00e9l\u00e9ment)\">marble thala<\/a>\n<a href=\"https:\/\/antramarmi.com\/fr\/tag\/marbre-fossena\/\" class=\"tag-cloud-link tag-link-93 tag-link-position-6\" style=\"font-size: 8pt;\" aria-label=\"marbre fossena (1 \u00e9l\u00e9ment)\">marbre fossena<\/a>\n<a href=\"https:\/\/antramarmi.com\/fr\/tag\/marbre-foussana\/\" class=\"tag-cloud-link tag-link-92 tag-link-position-7\" style=\"font-size: 8pt;\" aria-label=\"marbre foussana (1 \u00e9l\u00e9ment)\">marbre foussana<\/a>\n<a href=\"https:\/\/antramarmi.com\/fr\/tag\/marbre-gris\/\" class=\"tag-cloud-link tag-link-90 tag-link-position-8\" style=\"font-size: 8pt;\" aria-label=\"marbre gris (1 \u00e9l\u00e9ment)\">marbre gris<\/a>\n<a href=\"https:\/\/antramarmi.com\/fr\/tag\/marbre-noir\/\" class=\"tag-cloud-link tag-link-97 tag-link-position-9\" style=\"font-size: 8pt;\" aria-label=\"marbre noir (1 \u00e9l\u00e9ment)\">marbre noir<\/a>\n<a href=\"https:\/\/antramarmi.com\/fr\/tag\/marbre-noir-dore\/\" class=\"tag-cloud-link tag-link-96 tag-link-position-10\" style=\"font-size: 8pt;\" aria-label=\"marbre noir dor\u00e9 (1 \u00e9l\u00e9ment)\">marbre noir dor\u00e9<\/a>\n<a href=\"https:\/\/antramarmi.com\/fr\/tag\/marbre-tala-royal-beige\/\" class=\"tag-cloud-link tag-link-116 tag-link-position-11\" style=\"font-size: 8pt;\" aria-label=\"marbre tala royal beige (1 \u00e9l\u00e9ment)\">marbre tala royal beige<\/a>\n<a href=\"https:\/\/antramarmi.com\/fr\/tag\/marbre-thala-beige\/\" class=\"tag-cloud-link tag-link-85 tag-link-position-12\" style=\"font-size: 8pt;\" aria-label=\"marbre thala beige (1 \u00e9l\u00e9ment)\">marbre thala beige<\/a>\n<a href=\"https:\/\/antramarmi.com\/fr\/tag\/marbre-thala-gris\/\" class=\"tag-cloud-link tag-link-88 tag-link-position-13\" style=\"font-size: 8pt;\" aria-label=\"marbre thala gris (1 \u00e9l\u00e9ment)\">marbre thala gris<\/a>\n<a href=\"https:\/\/antramarmi.com\/fr\/tag\/royal-beige\/\" class=\"tag-cloud-link tag-link-87 tag-link-position-14\" style=\"font-size: 8pt;\" aria-label=\"royal beige (1 \u00e9l\u00e9ment)\">royal beige<\/a>\n<a href=\"https:\/\/antramarmi.com\/fr\/tag\/sahara-noir-fr\/\" class=\"tag-cloud-link tag-link-127 tag-link-position-15\" style=\"font-size: 8pt;\" aria-label=\"Sahara Noir (1 \u00e9l\u00e9ment)\">Sahara Noir<\/a>\n<a href=\"https:\/\/antramarmi.com\/fr\/tag\/thala-gris\/\" class=\"tag-cloud-link tag-link-89 tag-link-position-16\" style=\"font-size: 8pt;\" aria-label=\"thala gris (1 \u00e9l\u00e9ment)\">thala gris<\/a><\/div>\n<\/div><\/div>\n<div  id=\"av-sc-portfolio-1\"  class=\"av-portfolio-grid-sorting-container\"><div class='sort_width_container  av-sort-yes' data-portfolio-id='1' ><div id='js_sort_items' ><div class='sort_by_cat hidden'><a href=\"#\" data-filter=\"all_sort\" class=\"all_sort_button active_sort\"><span class=\"inner_sort_button\"><span>Tout<\/span><small class=\"av-cat-count\"> 4 <\/small><\/span><\/a><span class='text-sep marbre-et-pierres_sort_sep'>\/<\/span><a href=\"#\" data-filter=\"marbre-et-pierres_sort\" class=\"marbre-et-pierres_sort_button\" ><span class=\"inner_sort_button\"><span>MARBRE ET PIERRES<\/span><small class='av-cat-count'> 4 <\/small><\/span><\/a><\/div><\/div><\/div><div  class=' grid-sort-container isotope   no_margin-container with-title-container grid-total-even grid-col-3 grid-links-' data-portfolio-id='1'><div data-ajax-id='875' class=' grid-entry flex_column isotope-item all_sort no_margin post-entry post-entry-875 grid-entry-overview grid-loop-1 grid-parity-odd  marbre-et-pierres_sort  av_one_third first default_av_fullwidth '><article class='main_color inner-entry'  itemscope=\"itemscope\" itemtype=\"https:\/\/schema.org\/CreativeWork\" ><a href=\"https:\/\/antramarmi.com\/fr\/marmo-pietre\/marbre-thala-type-royal-beige\/\" title='MARBRE THALA TYPE ROYAL BEIGE'  data-rel='grid-1' class='grid-image avia-hover-fx'> <img decoding=\"async\" width=\"495\" height=\"400\" src=\"https:\/\/antramarmi.com\/wp-content\/uploads\/2016\/11\/BLOCCHIBEIGE3-495x400.jpg\" class=\"wp-image-753 avia-img-lazy-loading-not-753 attachment-portfolio size-portfolio wp-post-image\" alt=\"\" srcset=\"https:\/\/antramarmi.com\/wp-content\/uploads\/2016\/11\/BLOCCHIBEIGE3-495x400.jpg 495w, https:\/\/antramarmi.com\/wp-content\/uploads\/2016\/11\/BLOCCHIBEIGE3-845x684.jpg 845w\" sizes=\"(max-width: 495px) 100vw, 495px\" \/><\/a><div class='grid-content'><div class='avia-arrow'><\/div><header class=\"entry-content-header\"><h3 class='grid-entry-title entry-title '  itemprop=\"headline\" ><a href='https:\/\/antramarmi.com\/fr\/marmo-pietre\/marbre-thala-type-royal-beige\/' title='MARBRE THALA TYPE ROYAL BEIGE'>MARBRE THALA TYPE ROYAL BEIGE<\/a><\/h3><\/header><\/div><footer class=\"entry-footer\"><\/footer><\/article><\/div><div data-ajax-id='873' class=' grid-entry flex_column isotope-item all_sort no_margin post-entry post-entry-873 grid-entry-overview grid-loop-2 grid-parity-even  marbre-et-pierres_sort  av_one_third  default_av_fullwidth '><article class='main_color inner-entry'  itemscope=\"itemscope\" itemtype=\"https:\/\/schema.org\/CreativeWork\" ><a href=\"https:\/\/antramarmi.com\/fr\/marmo-pietre\/marbre-thala-gris\/\" title='MARBRE THALA GRIS'  data-rel='grid-1' class='grid-image avia-hover-fx'> <img decoding=\"async\" width=\"495\" height=\"400\" src=\"https:\/\/antramarmi.com\/wp-content\/uploads\/2016\/11\/THALAGRIGIO3-495x400.jpg\" class=\"wp-image-761 avia-img-lazy-loading-not-761 attachment-portfolio size-portfolio wp-post-image\" alt=\"\" srcset=\"https:\/\/antramarmi.com\/wp-content\/uploads\/2016\/11\/THALAGRIGIO3-495x400.jpg 495w, https:\/\/antramarmi.com\/wp-content\/uploads\/2016\/11\/THALAGRIGIO3-845x684.jpg 845w\" sizes=\"(max-width: 495px) 100vw, 495px\" \/><\/a><div class='grid-content'><div class='avia-arrow'><\/div><header class=\"entry-content-header\"><h3 class='grid-entry-title entry-title '  itemprop=\"headline\" ><a href='https:\/\/antramarmi.com\/fr\/marmo-pietre\/marbre-thala-gris\/' title='MARBRE THALA GRIS'>MARBRE THALA GRIS<\/a><\/h3><\/header><\/div><footer class=\"entry-footer\"><\/footer><\/article><\/div><div data-ajax-id='871' class=' grid-entry flex_column isotope-item all_sort no_margin post-entry post-entry-871 grid-entry-overview grid-loop-3 grid-parity-odd  marbre-et-pierres_sort  av_one_third  default_av_fullwidth '><article class='main_color inner-entry'  itemscope=\"itemscope\" itemtype=\"https:\/\/schema.org\/CreativeWork\" ><a href=\"https:\/\/antramarmi.com\/fr\/marmo-pietre\/marbre-gris-foussana\/\" title='MARBRE GRIS FOUSSANA'  data-rel='grid-1' class='grid-image avia-hover-fx'> <img decoding=\"async\" width=\"495\" height=\"400\" src=\"https:\/\/antramarmi.com\/wp-content\/uploads\/2016\/11\/LASTRAFOUSSANA-495x400.jpg\" class=\"wp-image-767 avia-img-lazy-loading-not-767 attachment-portfolio size-portfolio wp-post-image\" alt=\"Marmo Grigio Foussana Marmo Grigio Fossena - Pietra Medea vendita diretta.\" srcset=\"https:\/\/antramarmi.com\/wp-content\/uploads\/2016\/11\/LASTRAFOUSSANA-495x400.jpg 495w, https:\/\/antramarmi.com\/wp-content\/uploads\/2016\/11\/LASTRAFOUSSANA-845x684.jpg 845w\" sizes=\"(max-width: 495px) 100vw, 495px\" \/><\/a><div class='grid-content'><div class='avia-arrow'><\/div><header class=\"entry-content-header\"><h3 class='grid-entry-title entry-title '  itemprop=\"headline\" ><a href='https:\/\/antramarmi.com\/fr\/marmo-pietre\/marbre-gris-foussana\/' title='MARBRE GRIS FOUSSANA'>MARBRE GRIS FOUSSANA<\/a><\/h3><\/header><\/div><footer class=\"entry-footer\"><\/footer><\/article><\/div><div data-ajax-id='869' class=' grid-entry flex_column isotope-item all_sort no_margin post-entry post-entry-869 grid-entry-overview grid-loop-4 grid-parity-even  post-entry-last  marbre-et-pierres_sort  av_one_third first default_av_fullwidth '><article class='main_color inner-entry'  itemscope=\"itemscope\" itemtype=\"https:\/\/schema.org\/CreativeWork\" ><a href=\"https:\/\/antramarmi.com\/fr\/marmo-pietre\/marbre-noir-dore\/\" title='MARBRE NOIR DOR\u00c9 &#8211; SAHARA NOIR'  data-rel='grid-1' class='grid-image avia-hover-fx'> <img decoding=\"async\" width=\"495\" height=\"400\" src=\"https:\/\/antramarmi.com\/wp-content\/uploads\/2016\/11\/IMG_3246-495x400.jpg\" class=\"wp-image-982 avia-img-lazy-loading-not-982 attachment-portfolio size-portfolio wp-post-image\" alt=\"\" srcset=\"https:\/\/antramarmi.com\/wp-content\/uploads\/2016\/11\/IMG_3246-495x400.jpg 495w, https:\/\/antramarmi.com\/wp-content\/uploads\/2016\/11\/IMG_3246-845x684.jpg 845w\" sizes=\"(max-width: 495px) 100vw, 495px\" \/><\/a><div class='grid-content'><div class='avia-arrow'><\/div><header class=\"entry-content-header\"><h3 class='grid-entry-title entry-title '  itemprop=\"headline\" ><a href='https:\/\/antramarmi.com\/fr\/marmo-pietre\/marbre-noir-dore\/' title='MARBRE NOIR DOR\u00c9 &#8211; SAHARA NOIR'>MARBRE NOIR DOR\u00c9 &#8211; SAHARA NOIR<\/a><\/h3><\/header><\/div><footer class=\"entry-footer\"><\/footer><\/article><\/div><\/div><\/div>   <!--   class=\"av-portfolio-grid-sorting-container\"  -->\n","protected":false},"excerpt":{"rendered":"","protected":false},"author":1,"featured_media":0,"parent":0,"menu_order":0,"comment_status":"closed","ping_status":"closed","template":"","meta":{"footnotes":""},"yoast_head":"<!-- This site is optimized with the Yoast SEO plugin v22.8 - https:\/\/yoast.com\/wordpress\/plugins\/seo\/ -->\n<title>Commercialisation de marbres thala beige\/gris, foussana, noir dor\u00e9<\/title>\n<meta name=\"description\" content=\"Antra Marmi est une r\u00e9alit\u00e9 ancr\u00e9e depuis de nombreuses ann\u00e9es sur le territoire du gisement de Massa-Carrara, o\u00f9, sur une superficie d&#039;environ 8 000 m\u00e8tres carr\u00e9s, surgit l&#039;aire de stockage et pr\u00e9-traitement des blocs.\" \/>\n<meta name=\"robots\" content=\"index, follow, max-snippet:-1, max-image-preview:large, max-video-preview:-1\" \/>\n<link rel=\"canonical\" href=\"https:\/\/antramarmi.com\/fr\/\" \/>\n<meta property=\"og:locale\" content=\"fr_FR\" \/>\n<meta property=\"og:type\" content=\"article\" \/>\n<meta property=\"og:title\" content=\"Commercialisation de marbres thala beige\/gris, foussana, noir dor\u00e9\" \/>\n<meta property=\"og:description\" content=\"Antra Marmi est une r\u00e9alit\u00e9 ancr\u00e9e depuis de nombreuses ann\u00e9es sur le territoire du gisement de Massa-Carrara, o\u00f9, sur une superficie d&#039;environ 8 000 m\u00e8tres carr\u00e9s, surgit l&#039;aire de stockage et pr\u00e9-traitement des blocs.\" \/>\n<meta property=\"og:url\" content=\"https:\/\/antramarmi.com\/fr\/\" \/>\n<meta property=\"og:site_name\" content=\"Antra Marmi - Massa Carrara\" \/>\n<meta property=\"article:modified_time\" content=\"2024-04-23T07:37:22+00:00\" \/>\n<meta name=\"twitter:card\" content=\"summary_large_image\" \/>\n<meta name=\"twitter:label1\" content=\"Dur\u00e9e de lecture estim\u00e9e\" \/>\n\t<meta name=\"twitter:data1\" content=\"6 minutes\" \/>\n<script type=\"application\/ld+json\" class=\"yoast-schema-graph\">{\"@context\":\"https:\/\/schema.org\",\"@graph\":[{\"@type\":\"WebPage\",\"@id\":\"https:\/\/antramarmi.com\/fr\/\",\"url\":\"https:\/\/antramarmi.com\/fr\/\",\"name\":\"Commercialisation de marbres thala beige\/gris, foussana, noir dor\u00e9\",\"isPartOf\":{\"@id\":\"https:\/\/antramarmi.com\/#website\"},\"datePublished\":\"2017-01-02T16:48:36+00:00\",\"dateModified\":\"2024-04-23T07:37:22+00:00\",\"description\":\"Antra Marmi est une r\u00e9alit\u00e9 ancr\u00e9e depuis de nombreuses ann\u00e9es sur le territoire du gisement de Massa-Carrara, o\u00f9, sur une superficie d'environ 8 000 m\u00e8tres carr\u00e9s, surgit l'aire de stockage et pr\u00e9-traitement des blocs.\",\"breadcrumb\":{\"@id\":\"https:\/\/antramarmi.com\/fr\/#breadcrumb\"},\"inLanguage\":\"fr-FR\",\"potentialAction\":[{\"@type\":\"ReadAction\",\"target\":[\"https:\/\/antramarmi.com\/fr\/\"]}]},{\"@type\":\"BreadcrumbList\",\"@id\":\"https:\/\/antramarmi.com\/fr\/#breadcrumb\",\"itemListElement\":[{\"@type\":\"ListItem\",\"position\":1,\"name\":\"Home\",\"item\":\"https:\/\/antramarmi.com\/fr\/\"},{\"@type\":\"ListItem\",\"position\":2,\"name\":\"Accueil\"}]},{\"@type\":\"WebSite\",\"@id\":\"https:\/\/antramarmi.com\/#website\",\"url\":\"https:\/\/antramarmi.com\/\",\"name\":\"Antra Marmi - Massa Carrara\",\"description\":\"Commercializzazione di Marmi Thala Beige, Foussana\",\"potentialAction\":[{\"@type\":\"SearchAction\",\"target\":{\"@type\":\"EntryPoint\",\"urlTemplate\":\"https:\/\/antramarmi.com\/?s={search_term_string}\"},\"query-input\":\"required name=search_term_string\"}],\"inLanguage\":\"fr-FR\"}]}<\/script>\n<!-- \/ Yoast SEO plugin. -->","yoast_head_json":{"title":"Commercialisation de marbres thala beige\/gris, foussana, noir dor\u00e9","description":"Antra Marmi est une r\u00e9alit\u00e9 ancr\u00e9e depuis de nombreuses ann\u00e9es sur le territoire du gisement de Massa-Carrara, o\u00f9, sur une superficie d'environ 8 000 m\u00e8tres carr\u00e9s, surgit l'aire de stockage et pr\u00e9-traitement des blocs.","robots":{"index":"index","follow":"follow","max-snippet":"max-snippet:-1","max-image-preview":"max-image-preview:large","max-video-preview":"max-video-preview:-1"},"canonical":"https:\/\/antramarmi.com\/fr\/","og_locale":"fr_FR","og_type":"article","og_title":"Commercialisation de marbres thala beige\/gris, foussana, noir dor\u00e9","og_description":"Antra Marmi est une r\u00e9alit\u00e9 ancr\u00e9e depuis de nombreuses ann\u00e9es sur le territoire du gisement de Massa-Carrara, o\u00f9, sur une superficie d'environ 8 000 m\u00e8tres carr\u00e9s, surgit l'aire de stockage et pr\u00e9-traitement des blocs.","og_url":"https:\/\/antramarmi.com\/fr\/","og_site_name":"Antra Marmi - Massa Carrara","article_modified_time":"2024-04-23T07:37:22+00:00","twitter_card":"summary_large_image","twitter_misc":{"Dur\u00e9e de lecture estim\u00e9e":"6 minutes"},"schema":{"@context":"https:\/\/schema.org","@graph":[{"@type":"WebPage","@id":"https:\/\/antramarmi.com\/fr\/","url":"https:\/\/antramarmi.com\/fr\/","name":"Commercialisation de marbres thala beige\/gris, foussana, noir dor\u00e9","isPartOf":{"@id":"https:\/\/antramarmi.com\/#website"},"datePublished":"2017-01-02T16:48:36+00:00","dateModified":"2024-04-23T07:37:22+00:00","description":"Antra Marmi est une r\u00e9alit\u00e9 ancr\u00e9e depuis de nombreuses ann\u00e9es sur le territoire du gisement de Massa-Carrara, o\u00f9, sur une superficie d'environ 8 000 m\u00e8tres carr\u00e9s, surgit l'aire de stockage et pr\u00e9-traitement des blocs.","breadcrumb":{"@id":"https:\/\/antramarmi.com\/fr\/#breadcrumb"},"inLanguage":"fr-FR","potentialAction":[{"@type":"ReadAction","target":["https:\/\/antramarmi.com\/fr\/"]}]},{"@type":"BreadcrumbList","@id":"https:\/\/antramarmi.com\/fr\/#breadcrumb","itemListElement":[{"@type":"ListItem","position":1,"name":"Home","item":"https:\/\/antramarmi.com\/fr\/"},{"@type":"ListItem","position":2,"name":"Accueil"}]},{"@type":"WebSite","@id":"https:\/\/antramarmi.com\/#website","url":"https:\/\/antramarmi.com\/","name":"Antra Marmi - Massa Carrara","description":"Commercializzazione di Marmi Thala Beige, Foussana","potentialAction":[{"@type":"SearchAction","target":{"@type":"EntryPoint","urlTemplate":"https:\/\/antramarmi.com\/?s={search_term_string}"},"query-input":"required name=search_term_string"}],"inLanguage":"fr-FR"}]}},"_links":{"self":[{"href":"https:\/\/antramarmi.com\/fr\/wp-json\/wp\/v2\/pages\/840"}],"collection":[{"href":"https:\/\/antramarmi.com\/fr\/wp-json\/wp\/v2\/pages"}],"about":[{"href":"https:\/\/antramarmi.com\/fr\/wp-json\/wp\/v2\/types\/page"}],"author":[{"embeddable":true,"href":"https:\/\/antramarmi.com\/fr\/wp-json\/wp\/v2\/users\/1"}],"replies":[{"embeddable":true,"href":"https:\/\/antramarmi.com\/fr\/wp-json\/wp\/v2\/comments?post=840"}],"version-history":[{"count":8,"href":"https:\/\/antramarmi.com\/fr\/wp-json\/wp\/v2\/pages\/840\/revisions"}],"predecessor-version":[{"id":1114,"href":"https:\/\/antramarmi.com\/fr\/wp-json\/wp\/v2\/pages\/840\/revisions\/1114"}],"wp:attachment":[{"href":"https:\/\/antramarmi.com\/fr\/wp-json\/wp\/v2\/media?parent=840"}],"curies":[{"name":"wp","href":"https:\/\/api.w.org\/{rel}","templated":true}]}}